{"id":2,"date":"2019-02-24T19:06:23","date_gmt":"2019-02-24T19:06:23","guid":{"rendered":"https:\/\/goldnature.pt\/pt\/?page_id=2"},"modified":"2022-11-30T18:37:45","modified_gmt":"2022-11-30T18:37:45","slug":"sample-page","status":"publish","type":"page","link":"https:\/\/goldnature.pt\/pt\/sample-page\/","title":{"rendered":"Contactos"},"content":{"rendered":"\n<p>Caso esteja interessado em contactar-nos, poder\u00e1 faz\u00ea-lo atrav\u00e9s do email: geral@goldnature.pt<\/p>\n\n\n\n<p>Ou atrav\u00e9s dos telefones:<\/p>\n\n\n\n<p>(+351) <strong>912257098<\/strong> (Chamada para a rede m\u00f3vel nacional)<\/p>\n\n\n\n<p>(+351) <strong>912257099<\/strong> (Chamada para a rede m\u00f3vel nacional)<\/p>\n\n\n\n<p><\/p>\n","protected":false},"excerpt":{"rendered":"<p>Caso esteja interessado em contactar-nos, poder\u00e1 faz\u00ea-lo atrav\u00e9s do email: geral@goldnature.pt Ou atrav\u00e9s dos telefones: (+351) 912257098 (Chamada para a rede m\u00f3vel nacional) (+351) 912257099 (Chamada para a rede m\u00f3vel nacional)<\/p>\n","protected":false},"author":1,"featured_media":0,"parent":0,"menu_order":0,"comment_status":"closed","ping_status":"open","template":"","meta":[],"_links":{"self":[{"href":"https:\/\/goldnature.pt\/pt\/wp-json\/wp\/v2\/pages\/2"}],"collection":[{"href":"https:\/\/goldnature.pt\/pt\/wp-json\/wp\/v2\/pages"}],"about":[{"href":"https:\/\/goldnature.pt\/pt\/wp-json\/wp\/v2\/types\/page"}],"author":[{"embeddable":true,"href":"https:\/\/goldnature.pt\/pt\/wp-json\/wp\/v2\/users\/1"}],"replies":[{"embeddable":true,"href":"https:\/\/goldnature.pt\/pt\/wp-json\/wp\/v2\/comments?post=2"}],"version-history":[{"count":14,"href":"https:\/\/goldnature.pt\/pt\/wp-json\/wp\/v2\/pages\/2\/revisions"}],"predecessor-version":[{"id":261,"href":"https:\/\/goldnature.pt\/pt\/wp-json\/wp\/v2\/pages\/2\/revisions\/261"}],"wp:attachment":[{"href":"https:\/\/goldnature.pt\/pt\/wp-json\/wp\/v2\/media?parent=2"}],"curies":[{"name":"wp","href":"https:\/\/api.w.org\/{rel}","templated":true}]}}