{"id":33,"date":"2019-02-24T20:44:47","date_gmt":"2019-02-24T20:44:47","guid":{"rendered":"https:\/\/goldnature.pt\/pt\/?page_id=33"},"modified":"2019-05-17T22:44:32","modified_gmt":"2019-05-17T22:44:32","slug":"home","status":"publish","type":"page","link":"https:\/\/goldnature.pt\/pt\/","title":{"rendered":"Goldnature"},"content":{"rendered":"\n<p>A nossa casa, \u00e9 o ref\u00fagio que tanto procura junto da natureza. Venha viver esse sonho. Temos v\u00e1rias atividades para que se sinta em un\u00edssono com a natureza. No final, prove a nossa gastronomia e durma sossegadamente, a quinze minutos da cidade do Porto.<\/p>\n","protected":false},"excerpt":{"rendered":"<p>A nossa casa, \u00e9 o ref\u00fagio que tanto procura junto da natureza. Venha viver esse sonho. Temos v\u00e1rias atividades para que se sinta em un\u00edssono com a natureza. No final, prove a nossa gastronomia e durma sossegadamente, a quinze minutos da cidade do Porto.<\/p>\n","protected":false},"author":1,"featured_media":0,"parent":0,"menu_order":0,"comment_status":"closed","ping_status":"closed","template":"","meta":[],"_links":{"self":[{"href":"https:\/\/goldnature.pt\/pt\/wp-json\/wp\/v2\/pages\/33"}],"collection":[{"href":"https:\/\/goldnature.pt\/pt\/wp-json\/wp\/v2\/pages"}],"about":[{"href":"https:\/\/goldnature.pt\/pt\/wp-json\/wp\/v2\/types\/page"}],"author":[{"embeddable":true,"href":"https:\/\/goldnature.pt\/pt\/wp-json\/wp\/v2\/users\/1"}],"replies":[{"embeddable":true,"href":"https:\/\/goldnature.pt\/pt\/wp-json\/wp\/v2\/comments?post=33"}],"version-history":[{"count":6,"href":"https:\/\/goldnature.pt\/pt\/wp-json\/wp\/v2\/pages\/33\/revisions"}],"predecessor-version":[{"id":79,"href":"https:\/\/goldnature.pt\/pt\/wp-json\/wp\/v2\/pages\/33\/revisions\/79"}],"wp:attachment":[{"href":"https:\/\/goldnature.pt\/pt\/wp-json\/wp\/v2\/media?parent=33"}],"curies":[{"name":"wp","href":"https:\/\/api.w.org\/{rel}","templated":true}]}}