{"id":37,"date":"2019-02-24T20:47:06","date_gmt":"2019-02-24T20:47:06","guid":{"rendered":"https:\/\/goldnature.pt\/pt\/?page_id=37"},"modified":"2020-06-17T22:37:08","modified_gmt":"2020-06-17T22:37:08","slug":"acerca","status":"publish","type":"page","link":"https:\/\/goldnature.pt\/pt\/acerca\/","title":{"rendered":"Acerca"},"content":{"rendered":"\n<p>Goldnature \u00e9 um espa\u00e7o criado para o turista e para todos aqueles que apreciem um ambiente de serenidade, paz e equil\u00edbrio ligado \u00e0 natureza . Este espa\u00e7o localiza-se no centro de Gondomar a 1km do Pavilh\u00e3o Multiusos e a 1,5km do rio Douro. Goldnature \u00e9 um espa\u00e7o que se criou em Gondomar por ser uma cidade privilegiada ao n\u00edvel da localiza\u00e7\u00e3o geogr\u00e1fica, de hist\u00f3ria, de cultura e de todos os v\u00e1rios setores que a movem que est\u00e3o extremamente din\u00e2micos e que a tornam uma cidade viva e cheia de potencialidades para mostrar e partilhar com o mundo.<br> A Goldnature est\u00e1 inserida num lugar ancestral (a aldeia de S. Miguel), onde na envolvente predominam casas centen\u00e1rias e terrenos de cultivo que se estendem at\u00e9 ao rio, proporcionando caminhadas por trilhos antigos e m\u00e1gicos onde pudemos desfrutar da natureza. <br> Disp\u00f5e de sete quartos duplos com casa de banho privativa, um quarto duplex e uma sala de pequenos almo\u00e7os. Dois dos quartos est\u00e3o preparados para pessoas com mobilidade reduzida.<br> Nestes espa\u00e7os est\u00e1 presente uma arquitetura e design personalizado, vis\u00edvel n\u00e3o s\u00f3 nos pormenores mas tamb\u00e9m em fotografias de grandes dimens\u00f5es retro iluminadas com regula\u00e7\u00e3o de intensidade de luz cujo o tema \u00e9 a natureza de Norte a Sul de Portugal. Fotografias essas da autoria de Paulo Ferreira, um fot\u00f3grafo que se dedica \u00e0 arte fotogr\u00e1fica realizando document\u00e1rios e filmes tamb\u00e9m eles ligados \u00e0 natureza e \u00e1 sua preserva\u00e7\u00e3o. Paulo Ferreira \u00e9 uma refer\u00eancia n\u00e3o s\u00f3 para Gondomar (uma vez que \u00e9 filho da terra) mas tamb\u00e9m para Portugal devido aos in\u00fameros pr\u00e9mios internacionais que conquistou nos \u00faltimos anos com o seu trabalho e sua t\u00e9cnica inovadora. <br> No exterior existe uma eira centen\u00e1ria, ampla, toda em pedra e por v\u00e1rios tanques tamb\u00e9m eles em pedra por onde correm \u00e1guas cristalinas cujo o som \u00e9 m\u00fasica de fundo deste ref\u00fagio. <br> Temos ainda para oferecer ao nosso h\u00f3spede o contacto direto com uma horta biol\u00f3gica com todo o tipo de legumes e cores. O hospede pode desta forma &#8220;experi\u00eanciar&#8221; o contacto com a terra e com produtos, aromas e texturas que uma horta de forma t\u00e3o natural e simples nos pode proporcionar.<br> Existe um Pomar com  \u00e1rvores de fruto entre elas  laranjeiras, macieiras, figueira, ameixoeiras, romanzeira, que dependendo da \u00e9poca do ano se v\u00e3o pintando e perfumando de variad\u00edssimos frutos, cores e flores. Os frutos poder\u00e3o ser colhidos e comidos no local o que proporciona uma sensa\u00e7\u00e3o \u00fanica de uni\u00e3o f\u00edsica e espiritual com a natureza ao comer diretamente o que esta nos oferece. Nesse pomar existe ainda uma \u00e1rvore com mais de tr\u00eas s\u00e9culos que faz parte da hist\u00f3ria do lugar. Trata-se de uma japoneira que lan\u00e7a perfume das suas belas flores e proporciona uma sombra refrescante das suas ramagens.<br> As atividades oferecidas diretamente pela Goldnature s\u00e3o: jogos de tabuleiro, tiro ao arco, jogo de petanca, trampolim, arborismo, caminhadas em percursos e trilhos de Gondomar. \u00c9 nosso objectivo, ter outras atividades ligadas \u00e1 hist\u00f3ria, gastronomia, patrim\u00f3nio e desporto em Gondomar, mas para tal, contamos com o departamento de turismo de Gondomar e tamb\u00e9m com outros operadores tur\u00edsticos. Pretendemos conhecer e criar parcerias porque \u201c Quem caminha sozinho pode at\u00e9 chegar mais r\u00e1pido, mas aquele que vai acompanhado com certeza vai mais longe.\u201d <br> E como s\u00e3o as pessoas que fazem os lugares, ent\u00e3o temos tamb\u00e9m para oferecer a todos que queiram entrar neste recanto do mundo, a nossa simpatia, alegria e energia positiva e o amor que nos uniu a este lugar de paz, harmonia e equil\u00edbrio com a natureza e com o nosso ser.<\/p>\n","protected":false},"excerpt":{"rendered":"<p>Goldnature \u00e9 um espa\u00e7o criado para o turista e para todos aqueles que apreciem um ambiente de serenidade, paz e equil\u00edbrio ligado \u00e0 natureza . Este espa\u00e7o localiza-se no centro de Gondomar a 1km do Pavilh\u00e3o Multiusos e a 1,5km do rio Douro. Goldnature \u00e9 um espa\u00e7o que se criou em Gondomar por ser uma cidade privilegiada ao n\u00edvel da localiza\u00e7\u00e3o geogr\u00e1fica, de hist\u00f3ria, de cultura e de todos os v\u00e1rios setores que a movem que est\u00e3o extremamente din\u00e2micos e que a tornam uma cidade viva e cheia de potencialidades para mostrar e partilhar com o mundo. A Goldnature est\u00e1 inserida num lugar ancestral (a aldeia de S. Miguel), onde na envolvente predominam casas centen\u00e1rias e terrenos de cultivo que se estendem at\u00e9 ao rio, proporcionando caminhadas por trilhos antigos e m\u00e1gicos onde pudemos desfrutar da natureza. Disp\u00f5e de sete quartos duplos com casa de banho privativa, um quarto duplex e uma sala de pequenos almo\u00e7os. Dois dos quartos est\u00e3o preparados para pessoas com mobilidade reduzida. Nestes espa\u00e7os est\u00e1 presente uma arquitetura e design personalizado, vis\u00edvel n\u00e3o s\u00f3 nos pormenores mas tamb\u00e9m em fotografias de grandes dimens\u00f5es retro iluminadas com regula\u00e7\u00e3o de intensidade de luz cujo o tema \u00e9 a natureza de Norte a Sul de Portugal. Fotografias essas da autoria de Paulo Ferreira, um fot\u00f3grafo que se dedica \u00e0 arte fotogr\u00e1fica realizando document\u00e1rios e filmes tamb\u00e9m eles ligados \u00e0 natureza e \u00e1 sua preserva\u00e7\u00e3o. Paulo Ferreira \u00e9 uma refer\u00eancia n\u00e3o s\u00f3 para Gondomar (uma vez que \u00e9 filho da terra) mas tamb\u00e9m para Portugal devido aos in\u00fameros pr\u00e9mios internacionais que conquistou nos \u00faltimos anos com o seu trabalho e sua t\u00e9cnica inovadora. No exterior existe uma eira centen\u00e1ria, ampla, toda em pedra e por v\u00e1rios tanques tamb\u00e9m eles em pedra por onde correm \u00e1guas cristalinas cujo o som \u00e9 m\u00fasica de fundo deste ref\u00fagio. Temos ainda para oferecer ao nosso h\u00f3spede o contacto direto com uma horta biol\u00f3gica com todo o tipo de legumes e cores. O hospede pode desta forma &#8220;experi\u00eanciar&#8221; o contacto com a terra e com produtos, aromas e texturas que uma horta de forma t\u00e3o natural e simples nos pode proporcionar. Existe um Pomar com \u00e1rvores de fruto entre elas laranjeiras, macieiras, figueira, ameixoeiras, romanzeira, que dependendo da \u00e9poca do ano se v\u00e3o pintando e perfumando de variad\u00edssimos frutos, cores e flores. Os frutos poder\u00e3o ser colhidos e comidos no local o que proporciona uma sensa\u00e7\u00e3o \u00fanica de uni\u00e3o f\u00edsica e espiritual com a natureza ao comer diretamente o que esta nos oferece. Nesse pomar existe ainda uma \u00e1rvore com mais de tr\u00eas s\u00e9culos que faz parte da hist\u00f3ria do lugar. Trata-se de uma japoneira que lan\u00e7a perfume das suas belas flores e proporciona uma sombra refrescante das suas ramagens. As atividades oferecidas diretamente pela Goldnature s\u00e3o: jogos de tabuleiro, tiro ao arco, jogo de petanca, trampolim, arborismo, caminhadas em percursos e trilhos de Gondomar. \u00c9 nosso objectivo, ter outras atividades ligadas \u00e1 hist\u00f3ria, gastronomia, patrim\u00f3nio e desporto em Gondomar, mas para tal, contamos com o departamento de turismo de Gondomar e tamb\u00e9m com outros operadores tur\u00edsticos. Pretendemos conhecer e criar parcerias porque \u201c Quem caminha sozinho pode at\u00e9 chegar mais r\u00e1pido, mas aquele que vai acompanhado com certeza vai mais longe.\u201d E como s\u00e3o as pessoas que fazem os lugares, ent\u00e3o temos tamb\u00e9m para oferecer a todos que queiram entrar neste recanto do mundo, a nossa simpatia, alegria e energia positiva e o amor que nos uniu a este lugar de paz, harmonia e equil\u00edbrio com a natureza e com o nosso ser.<\/p>\n","protected":false},"author":2,"featured_media":0,"parent":0,"menu_order":0,"comment_status":"closed","ping_status":"closed","template":"","meta":[],"_links":{"self":[{"href":"https:\/\/goldnature.pt\/pt\/wp-json\/wp\/v2\/pages\/37"}],"collection":[{"href":"https:\/\/goldnature.pt\/pt\/wp-json\/wp\/v2\/pages"}],"about":[{"href":"https:\/\/goldnature.pt\/pt\/wp-json\/wp\/v2\/types\/page"}],"author":[{"embeddable":true,"href":"https:\/\/goldnature.pt\/pt\/wp-json\/wp\/v2\/users\/2"}],"replies":[{"embeddable":true,"href":"https:\/\/goldnature.pt\/pt\/wp-json\/wp\/v2\/comments?post=37"}],"version-history":[{"count":2,"href":"https:\/\/goldnature.pt\/pt\/wp-json\/wp\/v2\/pages\/37\/revisions"}],"predecessor-version":[{"id":143,"href":"https:\/\/goldnature.pt\/pt\/wp-json\/wp\/v2\/pages\/37\/revisions\/143"}],"wp:attachment":[{"href":"https:\/\/goldnature.pt\/pt\/wp-json\/wp\/v2\/media?parent=37"}],"curies":[{"name":"wp","href":"https:\/\/api.w.org\/{rel}","templated":true}]}}